{"id":1188,"date":"2019-05-14T15:27:42","date_gmt":"2019-05-14T19:27:42","guid":{"rendered":"http:\/\/rubiks.ca\/newsite\/our-commitment-to-green\/"},"modified":"2021-02-18T17:35:32","modified_gmt":"2021-02-18T22:35:32","slug":"notre-engagement-a-lenvironnement","status":"publish","type":"page","link":"https:\/\/rubiks.ca\/fr\/notre-engagement-a-lenvironnement\/","title":{"rendered":"Notre engagement \u00e0 l\u2019environnement"},"content":{"rendered":"<p><div class=\"fusion-fullwidth fullwidth-box fusion-builder-row-1 fusion-parallax-none nonhundred-percent-fullwidth hundred-percent-height hundred-percent-height-center-content non-hundred-percent-height-scrolling\" style=\"--awb-border-radius-top-left:0px;--awb-border-radius-top-right:0px;--awb-border-radius-bottom-right:0px;--awb-border-radius-bottom-left:0px;--awb-background-color:#ffffff;--awb-background-image:url(&quot;https:\/\/www.rubiks.ca\/wp-content\/uploads\/2019\/08\/Rubiks-green.jpg&quot;);--awb-background-size:cover;--awb-flex-wrap:wrap;\" ><div class=\"fusion-fullwidth-center-content\"><div class=\"fusion-builder-row fusion-row\"><div class=\"fusion-layout-column fusion_builder_column fusion-builder-column-0 fusion_builder_column_1_2 1_2 fusion-one-half fusion-column-first\" style=\"--awb-bg-size:cover;width:50%;width:calc(50% - ( ( 4% ) * 0.5 ) );margin-right: 4%;\"><div class=\"fusion-column-wrapper fusion-column-has-shadow fusion-flex-column-wrapper-legacy\"><div class=\"fusion-text fusion-text-1\"><h2 style=\"color: #00a859;\">Notre engagement \u00e0 l\u2019environnement<\/h2>\n<\/div><div class=\"fusion-text fusion-text-2\"><p><span style=\"font-size: 24px; line-height: 1.6em; letter-spacing: -1px; color: #00a859;\">Depuis plus de 10 ans, nous faisons notre part pour r\u00e9duire notre impact environnemental. Nous offrons plusieurs m\u00e9dias recycl\u00e9s \u00e0 100%, ainsi qu\u2019une grande s\u00e9lection de papiers partiellement recycl\u00e9s et certifi\u00e9s FSC.<\/span><\/p>\n<p>Nous avons impl\u00e9ment\u00e9 une stricte proc\u00e9dure pour le recyclage de nos d\u00e9chets, et nous avons acheter de l\u2019\u00e9quipement qui est conforme \u00e0 nos politiques \u00e9co-responsables. Laissez-nous vous aider \u00e0 accomplir votre projet en respectant l\u2019environnement.<\/p>\n<\/div><div class=\"fusion-clearfix\"><\/div><\/div><\/div><div class=\"fusion-layout-column fusion_builder_column fusion-builder-column-1 fusion_builder_column_1_5 1_5 fusion-one-fifth fusion-column-last\" style=\"--awb-bg-size:cover;width:20%;width:calc(20% - ( ( 4% ) * 0.2 ) );\"><div class=\"fusion-column-wrapper fusion-column-has-shadow fusion-flex-column-wrapper-legacy\"><div class=\"fusion-clearfix\"><\/div><\/div><\/div><div class=\"fusion-layout-column fusion_builder_column fusion-builder-column-2 fusion_builder_column_1_1 1_1 fusion-one-full fusion-column-first fusion-column-last fusion-no-small-visibility fusion-no-medium-visibility\" style=\"--awb-bg-size:cover;\"><div class=\"fusion-column-wrapper fusion-flex-column-wrapper-legacy\"><div class=\"fusion-sep-clear\"><\/div><div class=\"fusion-separator fusion-no-small-visibility fusion-no-medium-visibility fusion-full-width-sep\" style=\"margin-left: auto;margin-right: auto;margin-top:10px;width:100%;\"><\/div><div class=\"fusion-sep-clear\"><\/div><div class=\"fusion-clearfix\"><\/div><\/div><\/div><\/div><\/div><\/div><div class=\"fusion-fullwidth fullwidth-box fusion-builder-row-2 hundred-percent-fullwidth non-hundred-percent-height-scrolling\" style=\"--awb-border-radius-top-left:0px;--awb-border-radius-top-right:0px;--awb-border-radius-bottom-right:0px;--awb-border-radius-bottom-left:0px;--awb-background-color:rgba(255,255,255,0);--awb-flex-wrap:wrap;\" ><div class=\"fusion-builder-row fusion-row\"><div class=\"fusion-layout-column fusion_builder_column fusion-builder-column-3 fusion_builder_column_1_1 1_1 fusion-one-full fusion-column-first fusion-column-last fusion-animated\" style=\"--awb-padding-top:20px;--awb-padding-right:20px;--awb-padding-bottom:20px;--awb-padding-left:20px;--awb-overflow:hidden;--awb-bg-size:cover;--awb-border-radius:2px 2px 2px 2px;--awb-margin-top:20px;--awb-margin-bottom:50px;\" data-animationType=\"fadeInUp\" data-animationDuration=\"0.8\" data-animationOffset=\"top-into-view\"><div class=\"fusion-column-wrapper fusion-column-has-shadow fusion-flex-column-wrapper-legacy\"><div class=\"fusion-text fusion-text-3\"><h2 style=\"text-align: center; color: #00a859; font-size: 30px;\">Avez-vous besoin de nouvelles id\u00e9es?<\/h2>\n<h3 style=\"text-align: center; color: #595959;\">Demandez-nous ce que nous pouvons faire pour vous.<\/h3>\n<\/div><div class=\"fusion-aligncenter\"><a class=\"fusion-button button-flat fusion-button-default-size button-custom fusion-button-default button-1 fusion-button-default-span fusion-button-default-type\" style=\"--button_accent_color:#ffffff;--button_accent_hover_color:#ffffff;--button_border_hover_color:#ffffff;--button_gradient_top_color:#00a859;--button_gradient_bottom_color:#00a859;--button_gradient_top_color_hover:#017f45;--button_gradient_bottom_color_hover:#017f45;\" target=\"_self\" href=\"https:\/\/www.rubiks.ca\/fr\/demander-un-catalogue\/\"><span class=\"fusion-button-text\"> Demander des \u00e9chantillons<\/span><i class=\"fa-arrow-right fas button-icon-right\" aria-hidden=\"true\"><\/i><\/a><\/div><div class=\"fusion-sep-clear\"><\/div><div class=\"fusion-separator fusion-full-width-sep\" style=\"margin-left: auto;margin-right: auto;margin-top:20px;width:100%;\"><\/div><div class=\"fusion-sep-clear\"><\/div><div class=\"fusion-clearfix\"><\/div><\/div><\/div><\/div><\/div><div class=\"fusion-fullwidth fullwidth-box fusion-builder-row-3 fusion-parallax-none nonhundred-percent-fullwidth non-hundred-percent-height-scrolling\" style=\"--awb-border-radius-top-left:0px;--awb-border-radius-top-right:0px;--awb-border-radius-bottom-right:0px;--awb-border-radius-bottom-left:0px;--awb-padding-top:11%;--awb-padding-bottom:12%;--awb-background-color:#1b2032;--awb-background-image:url(&quot;https:\/\/www.rubiks.ca\/wp-content\/uploads\/2019\/01\/smart-investment-2.jpg&quot;);--awb-background-size:cover;--awb-flex-wrap:wrap;\" ><div class=\"fusion-builder-row fusion-row\"><div class=\"fusion-layout-column fusion_builder_column fusion-builder-column-4 fusion_builder_column_1_2 1_2 fusion-one-half fusion-column-first hero-img fusion-animated\" style=\"--awb-bg-size:cover;--awb-margin-top:30px;--awb-margin-bottom:30px;width:50%;width:calc(50% - ( ( 10% ) * 0.5 ) );margin-right: 10%;\" data-animationType=\"fadeInLeft\" data-animationDuration=\"0.8\" data-animationOffset=\"top-into-view\"><div class=\"fusion-column-wrapper fusion-column-has-shadow fusion-flex-column-wrapper-legacy\"><div class=\"fusion-title title fusion-title-1 fusion-sep-none fusion-title-text fusion-title-size-two\" style=\"--awb-text-color:#ffffff;\"><h2 class=\"fusion-title-heading title-heading-left\" style=\"margin:0;\"><span style=\"color: #fff;\">Besoin d&rsquo;un devis pour votre projet?<\/span><\/h2><\/div><div class=\"fusion-text fusion-text-4\"><p><span style=\"color: #ffffff;\">Recevez un devis rapide en fonction des exigences sp\u00e9cifiques de votre projet.<\/span><\/p>\n<\/div><div class=\"fusion-sep-clear\"><\/div><div class=\"fusion-separator fusion-full-width-sep\" style=\"margin-left: auto;margin-right: auto;margin-top:10px;width:100%;\"><\/div><div class=\"fusion-sep-clear\"><\/div><div class=\"fusion-button-wrapper\"><a class=\"fusion-button button-flat fusion-button-default-size button-custom fusion-button-default button-2 fusion-button-default-span fusion-button-default-type\" style=\"--button_accent_color:#ffffff;--button_accent_hover_color:#ffffff;--button_border_hover_color:#ffffff;--button_gradient_top_color:#00a859;--button_gradient_bottom_color:#00a859;--button_gradient_top_color_hover:#017f45;--button_gradient_bottom_color_hover:#017f45;\" target=\"_blank\" rel=\"noopener noreferrer\" href=\"https:\/\/www.rubiks.ca\/fr\/soumission\/\"><span class=\"fusion-button-text\">OBTENIR UN DEVIS<\/span><\/a><\/div><div class=\"fusion-clearfix\"><\/div><\/div><\/div><div class=\"fusion-layout-column fusion_builder_column fusion-builder-column-5 fusion_builder_column_1_2 1_2 fusion-one-half fusion-column-last fusion-no-small-visibility fusion-no-medium-visibility\" style=\"--awb-bg-size:cover;width:50%;width:calc(50% - ( ( 10% ) * 0.5 ) );\"><div class=\"fusion-column-wrapper fusion-flex-column-wrapper-legacy\"><div class=\"fusion-clearfix\"><\/div><\/div><\/div><\/div><\/div><\/p>\n","protected":false},"excerpt":{"rendered":"","protected":false},"author":1,"featured_media":0,"parent":0,"menu_order":0,"comment_status":"closed","ping_status":"closed","template":"100-width.php","meta":{"footnotes":""},"class_list":["post-1188","page","type-page","status-publish","hentry"],"yoast_head":"<!-- This site is optimized with the Yoast SEO plugin v24.2 - https:\/\/yoast.com\/wordpress\/plugins\/seo\/ -->\n<title>Notre engagement \u00e0 l\u2019environnement - Rubiks<\/title>\n<meta name=\"robots\" content=\"index, follow, max-snippet:-1, max-image-preview:large, max-video-preview:-1\" \/>\n<link rel=\"canonical\" href=\"https:\/\/rubiks.ca\/fr\/notre-engagement-a-lenvironnement\/\" \/>\n<meta property=\"og:locale\" content=\"fr_FR\" \/>\n<meta property=\"og:type\" content=\"article\" \/>\n<meta property=\"og:title\" content=\"Notre engagement \u00e0 l\u2019environnement - Rubiks\" \/>\n<meta property=\"og:url\" content=\"https:\/\/rubiks.ca\/fr\/notre-engagement-a-lenvironnement\/\" \/>\n<meta property=\"og:site_name\" content=\"Rubiks\" \/>\n<meta property=\"article:modified_time\" content=\"2021-02-18T22:35:32+00:00\" \/>\n<meta name=\"twitter:card\" content=\"summary_large_image\" \/>\n<meta name=\"twitter:label1\" content=\"Dur\u00e9e de lecture estim\u00e9e\" \/>\n\t<meta name=\"twitter:data1\" content=\"7 minutes\" \/>\n<script type=\"application\/ld+json\" class=\"yoast-schema-graph\">{\"@context\":\"https:\/\/schema.org\",\"@graph\":[{\"@type\":\"WebPage\",\"@id\":\"https:\/\/rubiks.ca\/fr\/notre-engagement-a-lenvironnement\/\",\"url\":\"https:\/\/rubiks.ca\/fr\/notre-engagement-a-lenvironnement\/\",\"name\":\"Notre engagement \u00e0 l\u2019environnement - Rubiks\",\"isPartOf\":{\"@id\":\"https:\/\/rubiks.ca\/#website\"},\"datePublished\":\"2019-05-14T19:27:42+00:00\",\"dateModified\":\"2021-02-18T22:35:32+00:00\",\"breadcrumb\":{\"@id\":\"https:\/\/rubiks.ca\/fr\/notre-engagement-a-lenvironnement\/#breadcrumb\"},\"inLanguage\":\"fr-FR\",\"potentialAction\":[{\"@type\":\"ReadAction\",\"target\":[\"https:\/\/rubiks.ca\/fr\/notre-engagement-a-lenvironnement\/\"]}]},{\"@type\":\"BreadcrumbList\",\"@id\":\"https:\/\/rubiks.ca\/fr\/notre-engagement-a-lenvironnement\/#breadcrumb\",\"itemListElement\":[{\"@type\":\"ListItem\",\"position\":1,\"name\":\"Home\",\"item\":\"https:\/\/rubiks.ca\/fr\/\"},{\"@type\":\"ListItem\",\"position\":2,\"name\":\"Notre engagement \u00e0 l\u2019environnement\"}]},{\"@type\":\"WebSite\",\"@id\":\"https:\/\/rubiks.ca\/#website\",\"url\":\"https:\/\/rubiks.ca\/\",\"name\":\"Rubiks\",\"description\":\"Montreal Printing\",\"potentialAction\":[{\"@type\":\"SearchAction\",\"target\":{\"@type\":\"EntryPoint\",\"urlTemplate\":\"https:\/\/rubiks.ca\/?s={search_term_string}\"},\"query-input\":{\"@type\":\"PropertyValueSpecification\",\"valueRequired\":true,\"valueName\":\"search_term_string\"}}],\"inLanguage\":\"fr-FR\"}]}<\/script>\n<!-- \/ Yoast SEO plugin. -->","yoast_head_json":{"title":"Notre engagement \u00e0 l\u2019environnement - Rubiks","robots":{"index":"index","follow":"follow","max-snippet":"max-snippet:-1","max-image-preview":"max-image-preview:large","max-video-preview":"max-video-preview:-1"},"canonical":"https:\/\/rubiks.ca\/fr\/notre-engagement-a-lenvironnement\/","og_locale":"fr_FR","og_type":"article","og_title":"Notre engagement \u00e0 l\u2019environnement - Rubiks","og_url":"https:\/\/rubiks.ca\/fr\/notre-engagement-a-lenvironnement\/","og_site_name":"Rubiks","article_modified_time":"2021-02-18T22:35:32+00:00","twitter_card":"summary_large_image","twitter_misc":{"Dur\u00e9e de lecture estim\u00e9e":"7 minutes"},"schema":{"@context":"https:\/\/schema.org","@graph":[{"@type":"WebPage","@id":"https:\/\/rubiks.ca\/fr\/notre-engagement-a-lenvironnement\/","url":"https:\/\/rubiks.ca\/fr\/notre-engagement-a-lenvironnement\/","name":"Notre engagement \u00e0 l\u2019environnement - Rubiks","isPartOf":{"@id":"https:\/\/rubiks.ca\/#website"},"datePublished":"2019-05-14T19:27:42+00:00","dateModified":"2021-02-18T22:35:32+00:00","breadcrumb":{"@id":"https:\/\/rubiks.ca\/fr\/notre-engagement-a-lenvironnement\/#breadcrumb"},"inLanguage":"fr-FR","potentialAction":[{"@type":"ReadAction","target":["https:\/\/rubiks.ca\/fr\/notre-engagement-a-lenvironnement\/"]}]},{"@type":"BreadcrumbList","@id":"https:\/\/rubiks.ca\/fr\/notre-engagement-a-lenvironnement\/#breadcrumb","itemListElement":[{"@type":"ListItem","position":1,"name":"Home","item":"https:\/\/rubiks.ca\/fr\/"},{"@type":"ListItem","position":2,"name":"Notre engagement \u00e0 l\u2019environnement"}]},{"@type":"WebSite","@id":"https:\/\/rubiks.ca\/#website","url":"https:\/\/rubiks.ca\/","name":"Rubiks","description":"Montreal Printing","potentialAction":[{"@type":"SearchAction","target":{"@type":"EntryPoint","urlTemplate":"https:\/\/rubiks.ca\/?s={search_term_string}"},"query-input":{"@type":"PropertyValueSpecification","valueRequired":true,"valueName":"search_term_string"}}],"inLanguage":"fr-FR"}]}},"_links":{"self":[{"href":"https:\/\/rubiks.ca\/fr\/wp-json\/wp\/v2\/pages\/1188","targetHints":{"allow":["GET"]}}],"collection":[{"href":"https:\/\/rubiks.ca\/fr\/wp-json\/wp\/v2\/pages"}],"about":[{"href":"https:\/\/rubiks.ca\/fr\/wp-json\/wp\/v2\/types\/page"}],"author":[{"embeddable":true,"href":"https:\/\/rubiks.ca\/fr\/wp-json\/wp\/v2\/users\/1"}],"replies":[{"embeddable":true,"href":"https:\/\/rubiks.ca\/fr\/wp-json\/wp\/v2\/comments?post=1188"}],"version-history":[{"count":6,"href":"https:\/\/rubiks.ca\/fr\/wp-json\/wp\/v2\/pages\/1188\/revisions"}],"predecessor-version":[{"id":3135,"href":"https:\/\/rubiks.ca\/fr\/wp-json\/wp\/v2\/pages\/1188\/revisions\/3135"}],"wp:attachment":[{"href":"https:\/\/rubiks.ca\/fr\/wp-json\/wp\/v2\/media?parent=1188"}],"curies":[{"name":"wp","href":"https:\/\/api.w.org\/{rel}","templated":true}]}}