{"id":1170,"date":"2019-05-14T15:22:37","date_gmt":"2019-05-14T19:22:37","guid":{"rendered":"http:\/\/rubiks.ca\/newsite\/about-us\/"},"modified":"2021-05-12T11:56:40","modified_gmt":"2021-05-12T15:56:40","slug":"a-propos","status":"publish","type":"page","link":"https:\/\/rubiks.ca\/fr\/a-propos\/","title":{"rendered":"Qui sommes nous?"},"content":{"rendered":"<p><div class=\"fusion-fullwidth fullwidth-box fusion-builder-row-1 nonhundred-percent-fullwidth non-hundred-percent-height-scrolling\" style=\"--awb-border-radius-top-left:0px;--awb-border-radius-top-right:0px;--awb-border-radius-bottom-right:0px;--awb-border-radius-bottom-left:0px;--awb-background-color:#ffffff;--awb-flex-wrap:wrap;\" ><div class=\"fusion-builder-row fusion-row\"><div class=\"fusion-layout-column fusion_builder_column fusion-builder-column-0 fusion_builder_column_1_1 1_1 fusion-one-full fusion-column-first fusion-column-last\" style=\"--awb-bg-size:cover;\"><div class=\"fusion-column-wrapper fusion-column-has-shadow fusion-flex-column-wrapper-legacy\"><div class=\"fusion-sep-clear\"><\/div><div class=\"fusion-separator fusion-full-width-sep\" style=\"margin-left: auto;margin-right: auto;width:100%;\"><div class=\"fusion-separator-border sep-single sep-solid\" style=\"--awb-height:20px;--awb-amount:20px;--awb-sep-color:#e5e3e3;border-color:#e5e3e3;border-top-width:1px;\"><\/div><\/div><div class=\"fusion-sep-clear\"><\/div><div class=\"fusion-clearfix\"><\/div><\/div><\/div><div class=\"fusion-layout-column fusion_builder_column fusion-builder-column-1 fusion_builder_column_2_5 2_5 fusion-two-fifth fusion-column-first\" style=\"--awb-bg-size:cover;width:40%;width:calc(40% - ( ( 4% ) * 0.4 ) );margin-right: 4%;\"><div class=\"fusion-column-wrapper fusion-column-has-shadow fusion-flex-column-wrapper-legacy\"><div class=\"fusion-text fusion-text-1\"><h3 style=\"color: #5d5d5d;\">Rubiks a ouvert ses portes en 2018, juste en face de l\u2019UQAM sur la rue St-Denis \u00e0 Montr\u00e9al.<\/h3>\n<p style=\"color: #220e03; font-size: 18px;\">Nous \u00e9tions un petit centre de photocopie avec une seule machine, et depuis, nous avons ouvert plusieurs succursales, \u00e9tendu notre gamme des services, agrandi notre \u00e9quipe et notre parc d\u2019\u00e9quipement et \u00e9ventuellement nous sommes devenus un des imprimeurs les plus fr\u00e9quent\u00e9s en ville. Nous sommes chanceux d\u2019avoir une excellente \u00e9quipe avec des gens qui font leur travail avec soin, et c\u2019est vraiment le secret de notre succ\u00e8s. Nous essayons toujours de d\u00e9passer vos attentes en termes de qualit\u00e9 de notre service et notre fiabilit\u00e9.<\/p>\n<p style=\"font-size: 18px;\">Nous esp\u00e9rons bient\u00f4t travailler avec vous!<\/p>\n<\/div><div class=\"fusion-clearfix\"><\/div><\/div><\/div><div class=\"fusion-layout-column fusion_builder_column fusion-builder-column-2 fusion_builder_column_3_5 3_5 fusion-three-fifth fusion-column-last\" style=\"--awb-bg-size:cover;width:60%;width:calc(60% - ( ( 4% ) * 0.6 ) );\"><div class=\"fusion-column-wrapper fusion-column-has-shadow fusion-flex-column-wrapper-legacy\"><div class=\"fusion-sep-clear\"><\/div><div class=\"fusion-separator fusion-full-width-sep\" style=\"margin-left: auto;margin-right: auto;margin-top:20px;width:100%;\"><\/div><div class=\"fusion-sep-clear\"><\/div><div class=\"fusion-image-carousel fusion-image-carousel-auto fusion-image-carousel-1 lightbox-enabled fusion-carousel-border\"><div class=\"awb-carousel awb-swiper awb-swiper-carousel\" data-autoplay=\"yes\" data-columns=\"1\" data-itemmargin=\"13\" data-itemwidth=\"180\" data-touchscroll=\"no\" data-imagesize=\"auto\" style=\"--awb-columns:1;\"><div class=\"swiper-wrapper awb-image-carousel-wrapper fusion-flex-align-items-center\"><div class=\"swiper-slide\"><div class=\"fusion-carousel-item-wrapper\"><div class=\"fusion-image-wrapper hover-type-zoomin\"><a data-rel=\"iLightbox[image_carousel_1]\" data-title=\"AU1\" aria-label=\"AU1\" href=\"https:\/\/www.rubiks.ca\/wp-content\/uploads\/2020\/08\/AU1.jpg\" target=\"_self\"><img decoding=\"async\" width=\"1200\" height=\"800\" src=\"https:\/\/rubiks.ca\/wp-content\/uploads\/2020\/08\/AU1.jpg\" class=\"attachment-full size-full\" alt=\"\" srcset=\"https:\/\/rubiks.ca\/wp-content\/uploads\/2020\/08\/AU1-200x133.jpg 200w, https:\/\/rubiks.ca\/wp-content\/uploads\/2020\/08\/AU1-300x200.jpg 300w, https:\/\/rubiks.ca\/wp-content\/uploads\/2020\/08\/AU1-400x267.jpg 400w, https:\/\/rubiks.ca\/wp-content\/uploads\/2020\/08\/AU1-600x400.jpg 600w, https:\/\/rubiks.ca\/wp-content\/uploads\/2020\/08\/AU1-768x512.jpg 768w, https:\/\/rubiks.ca\/wp-content\/uploads\/2020\/08\/AU1-800x533.jpg 800w, https:\/\/rubiks.ca\/wp-content\/uploads\/2020\/08\/AU1-1024x683.jpg 1024w, https:\/\/rubiks.ca\/wp-content\/uploads\/2020\/08\/AU1.jpg 1200w\" sizes=\"(max-width: 1200px) 100vw, 1200px\" \/><\/a><\/div><\/div><\/div><div class=\"swiper-slide\"><div class=\"fusion-carousel-item-wrapper\"><div class=\"fusion-image-wrapper hover-type-zoomin\"><a data-rel=\"iLightbox[image_carousel_1]\" data-title=\"AU2\" aria-label=\"AU2\" href=\"https:\/\/www.rubiks.ca\/wp-content\/uploads\/2020\/08\/AU2.jpg\" target=\"_self\"><img decoding=\"async\" width=\"1200\" height=\"800\" src=\"https:\/\/rubiks.ca\/wp-content\/uploads\/2020\/08\/AU2.jpg\" class=\"attachment-full size-full\" alt=\"\" srcset=\"https:\/\/rubiks.ca\/wp-content\/uploads\/2020\/08\/AU2-200x133.jpg 200w, https:\/\/rubiks.ca\/wp-content\/uploads\/2020\/08\/AU2-300x200.jpg 300w, https:\/\/rubiks.ca\/wp-content\/uploads\/2020\/08\/AU2-400x267.jpg 400w, https:\/\/rubiks.ca\/wp-content\/uploads\/2020\/08\/AU2-600x400.jpg 600w, https:\/\/rubiks.ca\/wp-content\/uploads\/2020\/08\/AU2-768x512.jpg 768w, https:\/\/rubiks.ca\/wp-content\/uploads\/2020\/08\/AU2-800x533.jpg 800w, https:\/\/rubiks.ca\/wp-content\/uploads\/2020\/08\/AU2-1024x683.jpg 1024w, https:\/\/rubiks.ca\/wp-content\/uploads\/2020\/08\/AU2.jpg 1200w\" sizes=\"(max-width: 1200px) 100vw, 1200px\" \/><\/a><\/div><\/div><\/div><div class=\"swiper-slide\"><div class=\"fusion-carousel-item-wrapper\"><div class=\"fusion-image-wrapper hover-type-zoomin\"><a data-rel=\"iLightbox[image_carousel_1]\" data-title=\"AU3\" aria-label=\"AU3\" href=\"https:\/\/www.rubiks.ca\/wp-content\/uploads\/2020\/08\/AU3.jpg\" target=\"_self\"><img decoding=\"async\" width=\"1200\" height=\"800\" src=\"https:\/\/rubiks.ca\/wp-content\/uploads\/2020\/08\/AU3.jpg\" class=\"attachment-full size-full\" alt=\"\" srcset=\"https:\/\/rubiks.ca\/wp-content\/uploads\/2020\/08\/AU3-200x133.jpg 200w, https:\/\/rubiks.ca\/wp-content\/uploads\/2020\/08\/AU3-300x200.jpg 300w, https:\/\/rubiks.ca\/wp-content\/uploads\/2020\/08\/AU3-400x267.jpg 400w, https:\/\/rubiks.ca\/wp-content\/uploads\/2020\/08\/AU3-600x400.jpg 600w, https:\/\/rubiks.ca\/wp-content\/uploads\/2020\/08\/AU3-768x512.jpg 768w, https:\/\/rubiks.ca\/wp-content\/uploads\/2020\/08\/AU3-800x533.jpg 800w, https:\/\/rubiks.ca\/wp-content\/uploads\/2020\/08\/AU3-1024x683.jpg 1024w, https:\/\/rubiks.ca\/wp-content\/uploads\/2020\/08\/AU3.jpg 1200w\" sizes=\"(max-width: 1200px) 100vw, 1200px\" \/><\/a><\/div><\/div><\/div><div class=\"swiper-slide\"><div class=\"fusion-carousel-item-wrapper\"><div class=\"fusion-image-wrapper hover-type-zoomin\"><a data-rel=\"iLightbox[image_carousel_1]\" data-title=\"AU4\" aria-label=\"AU4\" href=\"https:\/\/www.rubiks.ca\/wp-content\/uploads\/2020\/08\/AU4.jpg\" target=\"_self\"><img decoding=\"async\" width=\"1200\" height=\"800\" src=\"https:\/\/rubiks.ca\/wp-content\/uploads\/2020\/08\/AU4.jpg\" class=\"attachment-full size-full\" alt=\"\" srcset=\"https:\/\/rubiks.ca\/wp-content\/uploads\/2020\/08\/AU4-200x133.jpg 200w, https:\/\/rubiks.ca\/wp-content\/uploads\/2020\/08\/AU4-300x200.jpg 300w, https:\/\/rubiks.ca\/wp-content\/uploads\/2020\/08\/AU4-400x267.jpg 400w, https:\/\/rubiks.ca\/wp-content\/uploads\/2020\/08\/AU4-600x400.jpg 600w, https:\/\/rubiks.ca\/wp-content\/uploads\/2020\/08\/AU4-768x512.jpg 768w, https:\/\/rubiks.ca\/wp-content\/uploads\/2020\/08\/AU4-800x533.jpg 800w, https:\/\/rubiks.ca\/wp-content\/uploads\/2020\/08\/AU4-1024x683.jpg 1024w, https:\/\/rubiks.ca\/wp-content\/uploads\/2020\/08\/AU4.jpg 1200w\" sizes=\"(max-width: 1200px) 100vw, 1200px\" \/><\/a><\/div><\/div><\/div><div class=\"swiper-slide\"><div class=\"fusion-carousel-item-wrapper\"><div class=\"fusion-image-wrapper hover-type-zoomin\"><a data-rel=\"iLightbox[image_carousel_1]\" data-title=\"AU5\" aria-label=\"AU5\" href=\"https:\/\/www.rubiks.ca\/wp-content\/uploads\/2020\/08\/AU5.jpg\" target=\"_self\"><img decoding=\"async\" width=\"1200\" height=\"800\" src=\"https:\/\/rubiks.ca\/wp-content\/uploads\/2020\/08\/AU5.jpg\" class=\"attachment-full size-full\" alt=\"\" srcset=\"https:\/\/rubiks.ca\/wp-content\/uploads\/2020\/08\/AU5-200x133.jpg 200w, https:\/\/rubiks.ca\/wp-content\/uploads\/2020\/08\/AU5-300x200.jpg 300w, https:\/\/rubiks.ca\/wp-content\/uploads\/2020\/08\/AU5-400x267.jpg 400w, https:\/\/rubiks.ca\/wp-content\/uploads\/2020\/08\/AU5-600x400.jpg 600w, https:\/\/rubiks.ca\/wp-content\/uploads\/2020\/08\/AU5-768x512.jpg 768w, https:\/\/rubiks.ca\/wp-content\/uploads\/2020\/08\/AU5-800x533.jpg 800w, https:\/\/rubiks.ca\/wp-content\/uploads\/2020\/08\/AU5-1024x683.jpg 1024w, https:\/\/rubiks.ca\/wp-content\/uploads\/2020\/08\/AU5.jpg 1200w\" sizes=\"(max-width: 1200px) 100vw, 1200px\" \/><\/a><\/div><\/div><\/div><div class=\"swiper-slide\"><div class=\"fusion-carousel-item-wrapper\"><div class=\"fusion-image-wrapper hover-type-zoomin\"><a data-rel=\"iLightbox[image_carousel_1]\" data-title=\"AU6\" aria-label=\"AU6\" href=\"https:\/\/www.rubiks.ca\/wp-content\/uploads\/2020\/08\/AU6.jpg\" target=\"_self\"><img decoding=\"async\" width=\"1200\" height=\"800\" src=\"https:\/\/rubiks.ca\/wp-content\/uploads\/2020\/08\/AU6.jpg\" class=\"attachment-full size-full\" alt=\"\" srcset=\"https:\/\/rubiks.ca\/wp-content\/uploads\/2020\/08\/AU6-200x133.jpg 200w, https:\/\/rubiks.ca\/wp-content\/uploads\/2020\/08\/AU6-300x200.jpg 300w, https:\/\/rubiks.ca\/wp-content\/uploads\/2020\/08\/AU6-400x267.jpg 400w, https:\/\/rubiks.ca\/wp-content\/uploads\/2020\/08\/AU6-600x400.jpg 600w, https:\/\/rubiks.ca\/wp-content\/uploads\/2020\/08\/AU6-768x512.jpg 768w, https:\/\/rubiks.ca\/wp-content\/uploads\/2020\/08\/AU6-800x533.jpg 800w, https:\/\/rubiks.ca\/wp-content\/uploads\/2020\/08\/AU6-1024x683.jpg 1024w, https:\/\/rubiks.ca\/wp-content\/uploads\/2020\/08\/AU6.jpg 1200w\" sizes=\"(max-width: 1200px) 100vw, 1200px\" \/><\/a><\/div><\/div><\/div><div class=\"swiper-slide\"><div class=\"fusion-carousel-item-wrapper\"><div class=\"fusion-image-wrapper hover-type-zoomin\"><a data-rel=\"iLightbox[image_carousel_1]\" data-title=\"AU7\" aria-label=\"AU7\" href=\"https:\/\/www.rubiks.ca\/wp-content\/uploads\/2020\/08\/AU7.jpg\" target=\"_self\"><img decoding=\"async\" width=\"1200\" height=\"800\" src=\"https:\/\/rubiks.ca\/wp-content\/uploads\/2020\/08\/AU7.jpg\" class=\"attachment-full size-full\" alt=\"\" srcset=\"https:\/\/rubiks.ca\/wp-content\/uploads\/2020\/08\/AU7-200x133.jpg 200w, https:\/\/rubiks.ca\/wp-content\/uploads\/2020\/08\/AU7-300x200.jpg 300w, https:\/\/rubiks.ca\/wp-content\/uploads\/2020\/08\/AU7-400x267.jpg 400w, https:\/\/rubiks.ca\/wp-content\/uploads\/2020\/08\/AU7-600x400.jpg 600w, https:\/\/rubiks.ca\/wp-content\/uploads\/2020\/08\/AU7-768x512.jpg 768w, https:\/\/rubiks.ca\/wp-content\/uploads\/2020\/08\/AU7-800x533.jpg 800w, https:\/\/rubiks.ca\/wp-content\/uploads\/2020\/08\/AU7-1024x683.jpg 1024w, https:\/\/rubiks.ca\/wp-content\/uploads\/2020\/08\/AU7.jpg 1200w\" sizes=\"(max-width: 1200px) 100vw, 1200px\" \/><\/a><\/div><\/div><\/div><\/div><div class=\"awb-swiper-button awb-swiper-button-prev\"><i class=\"awb-icon-angle-left\" aria-hidden=\"true\"><\/i><\/div><div class=\"awb-swiper-button awb-swiper-button-next\"><i class=\"awb-icon-angle-right\" aria-hidden=\"true\"><\/i><\/div><\/div><\/div><div class=\"fusion-clearfix\"><\/div><\/div><\/div><div class=\"fusion-layout-column fusion_builder_column fusion-builder-column-3 fusion_builder_column_1_1 1_1 fusion-one-full fusion-column-first fusion-column-last\" style=\"--awb-bg-size:cover;\"><div class=\"fusion-column-wrapper fusion-column-has-shadow fusion-flex-column-wrapper-legacy\"><div class=\"fusion-sep-clear\"><\/div><div class=\"fusion-separator fusion-full-width-sep\" style=\"margin-left: auto;margin-right: auto;margin-top:50px;width:100%;\"><div class=\"fusion-separator-border sep-single sep-solid\" style=\"--awb-height:20px;--awb-amount:20px;--awb-sep-color:#e5e3e3;border-color:#e5e3e3;border-top-width:1px;\"><\/div><\/div><div class=\"fusion-sep-clear\"><\/div><div class=\"fusion-clearfix\"><\/div><\/div><\/div><\/div><\/div><div class=\"fusion-fullwidth fullwidth-box fusion-builder-row-2 hundred-percent-fullwidth non-hundred-percent-height-scrolling\" style=\"--awb-border-radius-top-left:0px;--awb-border-radius-top-right:0px;--awb-border-radius-bottom-right:0px;--awb-border-radius-bottom-left:0px;--awb-background-color:rgba(255,255,255,0);--awb-flex-wrap:wrap;\" ><div class=\"fusion-builder-row fusion-row\"><div class=\"fusion-layout-column fusion_builder_column fusion-builder-column-4 fusion_builder_column_1_1 1_1 fusion-one-full fusion-column-first fusion-column-last fusion-animated\" style=\"--awb-padding-top:20px;--awb-padding-right:20px;--awb-padding-bottom:20px;--awb-padding-left:20px;--awb-overflow:hidden;--awb-bg-size:cover;--awb-border-radius:2px 2px 2px 2px;--awb-margin-top:20px;--awb-margin-bottom:50px;\" data-animationType=\"fadeInUp\" data-animationDuration=\"0.8\" data-animationOffset=\"top-into-view\"><div class=\"fusion-column-wrapper fusion-column-has-shadow fusion-flex-column-wrapper-legacy\"><div class=\"fusion-text fusion-text-2\"><h2 style=\"text-align: center; color: #00a859; font-size: 30px;\">Avez-vous besoin de nouvelles id\u00e9es?<\/h2>\n<h3 style=\"text-align: center; color: #595959;\">Demandez-nous ce que nous pouvons faire pour vous.<\/h3>\n<\/div><div class=\"fusion-aligncenter\"><a class=\"fusion-button button-flat fusion-button-default-size button-custom fusion-button-default button-1 fusion-button-default-span fusion-button-default-type\" style=\"--button_accent_color:#ffffff;--button_accent_hover_color:#ffffff;--button_border_hover_color:#ffffff;--button_gradient_top_color:#00a859;--button_gradient_bottom_color:#00a859;--button_gradient_top_color_hover:#017f45;--button_gradient_bottom_color_hover:#017f45;\" target=\"_self\" href=\"https:\/\/www.rubiks.ca\/fr\/demander-un-catalogue\/\"><span class=\"fusion-button-text\"> Demander des \u00e9chantillons<\/span><i class=\"fa-arrow-right fas button-icon-right\" aria-hidden=\"true\"><\/i><\/a><\/div><div class=\"fusion-sep-clear\"><\/div><div class=\"fusion-separator fusion-full-width-sep\" style=\"margin-left: auto;margin-right: auto;margin-top:20px;width:100%;\"><\/div><div class=\"fusion-sep-clear\"><\/div><div class=\"fusion-clearfix\"><\/div><\/div><\/div><\/div><\/div><div class=\"fusion-fullwidth fullwidth-box fusion-builder-row-3 fusion-parallax-none nonhundred-percent-fullwidth non-hundred-percent-height-scrolling\" style=\"--awb-border-radius-top-left:0px;--awb-border-radius-top-right:0px;--awb-border-radius-bottom-right:0px;--awb-border-radius-bottom-left:0px;--awb-padding-top:11%;--awb-padding-bottom:12%;--awb-background-color:#1b2032;--awb-background-image:url(&quot;https:\/\/www.rubiks.ca\/wp-content\/uploads\/2019\/01\/smart-investment-2.jpg&quot;);--awb-background-size:cover;--awb-flex-wrap:wrap;\" ><div class=\"fusion-builder-row fusion-row\"><div class=\"fusion-layout-column fusion_builder_column fusion-builder-column-5 fusion_builder_column_1_2 1_2 fusion-one-half fusion-column-first hero-img fusion-animated\" style=\"--awb-bg-size:cover;--awb-margin-top:30px;--awb-margin-bottom:30px;width:50%;width:calc(50% - ( ( 10% ) * 0.5 ) );margin-right: 10%;\" data-animationType=\"fadeInLeft\" data-animationDuration=\"0.8\" data-animationOffset=\"top-into-view\"><div class=\"fusion-column-wrapper fusion-column-has-shadow fusion-flex-column-wrapper-legacy\"><div class=\"fusion-title title fusion-title-1 fusion-sep-none fusion-title-text fusion-title-size-two\" style=\"--awb-text-color:#ffffff;\"><h2 class=\"fusion-title-heading title-heading-left\" style=\"margin:0;\"><span style=\"color: #fff;\">Besoin d&rsquo;un devis pour votre projet?<\/span><\/h2><\/div><div class=\"fusion-text fusion-text-3\"><p><span style=\"color: #ffffff;\">Recevez un devis rapide en fonction des exigences sp\u00e9cifiques de votre projet.<\/span><\/p>\n<\/div><div class=\"fusion-sep-clear\"><\/div><div class=\"fusion-separator fusion-full-width-sep\" style=\"margin-left: auto;margin-right: auto;margin-top:10px;width:100%;\"><\/div><div class=\"fusion-sep-clear\"><\/div><div class=\"fusion-button-wrapper\"><a class=\"fusion-button button-flat fusion-button-default-size button-custom fusion-button-default button-2 fusion-button-default-span fusion-button-default-type\" style=\"--button_accent_color:#ffffff;--button_accent_hover_color:#ffffff;--button_border_hover_color:#ffffff;--button_gradient_top_color:#00a859;--button_gradient_bottom_color:#00a859;--button_gradient_top_color_hover:#017f45;--button_gradient_bottom_color_hover:#017f45;\" target=\"_blank\" rel=\"noopener noreferrer\" href=\"https:\/\/www.rubiks.ca\/fr\/soumission\/\"><span class=\"fusion-button-text\">OBTENIR UN DEVIS<\/span><\/a><\/div><div class=\"fusion-clearfix\"><\/div><\/div><\/div><div class=\"fusion-layout-column fusion_builder_column fusion-builder-column-6 fusion_builder_column_1_2 1_2 fusion-one-half fusion-column-last fusion-no-small-visibility fusion-no-medium-visibility\" style=\"--awb-bg-size:cover;width:50%;width:calc(50% - ( ( 10% ) * 0.5 ) );\"><div class=\"fusion-column-wrapper fusion-flex-column-wrapper-legacy\"><div class=\"fusion-clearfix\"><\/div><\/div><\/div><\/div><\/div><\/p>\n","protected":false},"excerpt":{"rendered":"","protected":false},"author":1,"featured_media":0,"parent":0,"menu_order":0,"comment_status":"closed","ping_status":"closed","template":"100-width.php","meta":{"footnotes":""},"class_list":["post-1170","page","type-page","status-publish","hentry"],"yoast_head":"<!-- This site is optimized with the Yoast SEO plugin v24.2 - https:\/\/yoast.com\/wordpress\/plugins\/seo\/ -->\n<title>\u00c0 propos de nous - Imprimeur \u00e0 Montreal - Rubiks<\/title>\n<meta name=\"description\" content=\"Imprimeur expert \u00e0 Montreal.\" \/>\n<meta name=\"robots\" content=\"index, follow, max-snippet:-1, max-image-preview:large, max-video-preview:-1\" \/>\n<link rel=\"canonical\" href=\"https:\/\/rubiks.ca\/fr\/a-propos\/\" \/>\n<meta property=\"og:locale\" content=\"fr_FR\" \/>\n<meta property=\"og:type\" content=\"article\" \/>\n<meta property=\"og:title\" content=\"\u00c0 propos de nous - Imprimeur \u00e0 Montreal - Rubiks\" \/>\n<meta property=\"og:description\" content=\"Imprimeur expert \u00e0 Montreal.\" \/>\n<meta property=\"og:url\" content=\"https:\/\/rubiks.ca\/fr\/a-propos\/\" \/>\n<meta property=\"og:site_name\" content=\"Rubiks\" \/>\n<meta property=\"article:modified_time\" content=\"2021-05-12T15:56:40+00:00\" \/>\n<meta name=\"twitter:card\" content=\"summary_large_image\" \/>\n<meta name=\"twitter:label1\" content=\"Dur\u00e9e de lecture estim\u00e9e\" \/>\n\t<meta name=\"twitter:data1\" content=\"9 minutes\" \/>\n<script type=\"application\/ld+json\" class=\"yoast-schema-graph\">{\"@context\":\"https:\/\/schema.org\",\"@graph\":[{\"@type\":\"WebPage\",\"@id\":\"https:\/\/rubiks.ca\/fr\/a-propos\/\",\"url\":\"https:\/\/rubiks.ca\/fr\/a-propos\/\",\"name\":\"\u00c0 propos de nous - Imprimeur \u00e0 Montreal - Rubiks\",\"isPartOf\":{\"@id\":\"https:\/\/rubiks.ca\/#website\"},\"datePublished\":\"2019-05-14T19:22:37+00:00\",\"dateModified\":\"2021-05-12T15:56:40+00:00\",\"description\":\"Imprimeur expert \u00e0 Montreal.\",\"breadcrumb\":{\"@id\":\"https:\/\/rubiks.ca\/fr\/a-propos\/#breadcrumb\"},\"inLanguage\":\"fr-FR\",\"potentialAction\":[{\"@type\":\"ReadAction\",\"target\":[\"https:\/\/rubiks.ca\/fr\/a-propos\/\"]}]},{\"@type\":\"BreadcrumbList\",\"@id\":\"https:\/\/rubiks.ca\/fr\/a-propos\/#breadcrumb\",\"itemListElement\":[{\"@type\":\"ListItem\",\"position\":1,\"name\":\"Home\",\"item\":\"https:\/\/rubiks.ca\/fr\/\"},{\"@type\":\"ListItem\",\"position\":2,\"name\":\"Qui sommes nous?\"}]},{\"@type\":\"WebSite\",\"@id\":\"https:\/\/rubiks.ca\/#website\",\"url\":\"https:\/\/rubiks.ca\/\",\"name\":\"Rubiks\",\"description\":\"Montreal Printing\",\"potentialAction\":[{\"@type\":\"SearchAction\",\"target\":{\"@type\":\"EntryPoint\",\"urlTemplate\":\"https:\/\/rubiks.ca\/?s={search_term_string}\"},\"query-input\":{\"@type\":\"PropertyValueSpecification\",\"valueRequired\":true,\"valueName\":\"search_term_string\"}}],\"inLanguage\":\"fr-FR\"}]}<\/script>\n<!-- \/ Yoast SEO plugin. -->","yoast_head_json":{"title":"\u00c0 propos de nous - Imprimeur \u00e0 Montreal - Rubiks","description":"Imprimeur expert \u00e0 Montreal.","robots":{"index":"index","follow":"follow","max-snippet":"max-snippet:-1","max-image-preview":"max-image-preview:large","max-video-preview":"max-video-preview:-1"},"canonical":"https:\/\/rubiks.ca\/fr\/a-propos\/","og_locale":"fr_FR","og_type":"article","og_title":"\u00c0 propos de nous - Imprimeur \u00e0 Montreal - Rubiks","og_description":"Imprimeur expert \u00e0 Montreal.","og_url":"https:\/\/rubiks.ca\/fr\/a-propos\/","og_site_name":"Rubiks","article_modified_time":"2021-05-12T15:56:40+00:00","twitter_card":"summary_large_image","twitter_misc":{"Dur\u00e9e de lecture estim\u00e9e":"9 minutes"},"schema":{"@context":"https:\/\/schema.org","@graph":[{"@type":"WebPage","@id":"https:\/\/rubiks.ca\/fr\/a-propos\/","url":"https:\/\/rubiks.ca\/fr\/a-propos\/","name":"\u00c0 propos de nous - Imprimeur \u00e0 Montreal - Rubiks","isPartOf":{"@id":"https:\/\/rubiks.ca\/#website"},"datePublished":"2019-05-14T19:22:37+00:00","dateModified":"2021-05-12T15:56:40+00:00","description":"Imprimeur expert \u00e0 Montreal.","breadcrumb":{"@id":"https:\/\/rubiks.ca\/fr\/a-propos\/#breadcrumb"},"inLanguage":"fr-FR","potentialAction":[{"@type":"ReadAction","target":["https:\/\/rubiks.ca\/fr\/a-propos\/"]}]},{"@type":"BreadcrumbList","@id":"https:\/\/rubiks.ca\/fr\/a-propos\/#breadcrumb","itemListElement":[{"@type":"ListItem","position":1,"name":"Home","item":"https:\/\/rubiks.ca\/fr\/"},{"@type":"ListItem","position":2,"name":"Qui sommes nous?"}]},{"@type":"WebSite","@id":"https:\/\/rubiks.ca\/#website","url":"https:\/\/rubiks.ca\/","name":"Rubiks","description":"Montreal Printing","potentialAction":[{"@type":"SearchAction","target":{"@type":"EntryPoint","urlTemplate":"https:\/\/rubiks.ca\/?s={search_term_string}"},"query-input":{"@type":"PropertyValueSpecification","valueRequired":true,"valueName":"search_term_string"}}],"inLanguage":"fr-FR"}]}},"_links":{"self":[{"href":"https:\/\/rubiks.ca\/fr\/wp-json\/wp\/v2\/pages\/1170","targetHints":{"allow":["GET"]}}],"collection":[{"href":"https:\/\/rubiks.ca\/fr\/wp-json\/wp\/v2\/pages"}],"about":[{"href":"https:\/\/rubiks.ca\/fr\/wp-json\/wp\/v2\/types\/page"}],"author":[{"embeddable":true,"href":"https:\/\/rubiks.ca\/fr\/wp-json\/wp\/v2\/users\/1"}],"replies":[{"embeddable":true,"href":"https:\/\/rubiks.ca\/fr\/wp-json\/wp\/v2\/comments?post=1170"}],"version-history":[{"count":5,"href":"https:\/\/rubiks.ca\/fr\/wp-json\/wp\/v2\/pages\/1170\/revisions"}],"predecessor-version":[{"id":3207,"href":"https:\/\/rubiks.ca\/fr\/wp-json\/wp\/v2\/pages\/1170\/revisions\/3207"}],"wp:attachment":[{"href":"https:\/\/rubiks.ca\/fr\/wp-json\/wp\/v2\/media?parent=1170"}],"curies":[{"name":"wp","href":"https:\/\/api.w.org\/{rel}","templated":true}]}}