{"id":1150,"date":"2019-01-14T16:18:08","date_gmt":"2019-01-14T16:18:08","guid":{"rendered":"http:\/\/rubiks.ca\/newsite\/services\/"},"modified":"2021-05-12T11:36:50","modified_gmt":"2021-05-12T15:36:50","slug":"services","status":"publish","type":"page","link":"https:\/\/rubiks.ca\/fr\/services\/","title":{"rendered":"Services"},"content":{"rendered":"<p><div class=\"fusion-fullwidth fullwidth-box fusion-builder-row-1 fusion-parallax-fixed nonhundred-percent-fullwidth hundred-percent-height hundred-percent-height-center-content non-hundred-percent-height-scrolling fusion-equal-height-columns\" style=\"--awb-background-position:center top;--awb-background-blend-mode:overlay;--awb-border-radius-top-left:0px;--awb-border-radius-top-right:0px;--awb-border-radius-bottom-right:0px;--awb-border-radius-bottom-left:0px;--awb-background-color:rgba(0,0,0,0.5);--awb-background-image:url(&quot;https:\/\/www.rubiks.ca\/wp-content\/uploads\/2020\/08\/img-print-consultation-2.jpg&quot;);--awb-background-size:cover;--awb-flex-wrap:wrap;background-attachment:fixed;\" ><div class=\"fusion-fullwidth-center-content\"><div class=\"fusion-builder-row fusion-row\"><div class=\"fusion-layout-column fusion_builder_column fusion-builder-column-0 fusion_builder_column_3_5 3_5 fusion-three-fifth fusion-column-first hero-img fusion-animated\" style=\"--awb-bg-size:cover;width:60%;width:calc(60% - ( ( 4% ) * 0.6 ) );margin-right: 4%;\" data-animationType=\"fadeInLeft\" data-animationDuration=\"0.3\" data-animationOffset=\"top-into-view\"><div class=\"fusion-column-wrapper fusion-column-has-shadow fusion-flex-column-wrapper-legacy\"><div class=\"fusion-text fusion-text-1 whitetext\"><h2 style=\"color: white;\">Consultation<\/h2>\n<\/div><div class=\"fusion-text fusion-text-2 whitetext\"><h3 style=\"color: white;\">Quand votre travail est pr\u00eat \u00e0 \u00eatre imprim\u00e9, nous vous aiderons \u00e0 prendre les bonnes d\u00e9cisions.<\/h3>\n<p style=\"font-size: 18px;\">Notre but c\u2019est de bien vous conseiller pour que vos impressions ont le plus d\u2019impact possible. Est-ce que c\u2019est le bon produit pour votre objectif? Quels supports sont les meilleurs pour votre application? Y a-t-il des options plus \u00e9conomiques, ou plus impressionnantes?<\/p>\n<\/div><div class=\"fusion-sep-clear\"><\/div><div class=\"fusion-separator fusion-full-width-sep\" style=\"margin-left: auto;margin-right: auto;width:100%;\"><\/div><div class=\"fusion-sep-clear\"><\/div><div class=\"fusion-button-wrapper\"><a class=\"fusion-button button-flat fusion-button-default-size button-custom fusion-button-default button-1 fusion-button-default-span fusion-button-default-type\" style=\"--button_accent_color:#ffffff;--button_accent_hover_color:#ffffff;--button_border_hover_color:#ffffff;--button_gradient_top_color:#00a859;--button_gradient_bottom_color:#00a859;--button_gradient_top_color_hover:#00964d;--button_gradient_bottom_color_hover:#00964d;\" target=\"_self\" href=\"https:\/\/www.rubiks.ca\/fr\/about\/contact-us\/\"><span class=\"fusion-button-text\">Contactez-nous<\/span><\/a><\/div><div class=\"fusion-clearfix\"><\/div><\/div><\/div><div class=\"fusion-layout-column fusion_builder_column fusion-builder-column-1 fusion_builder_column_2_5 2_5 fusion-two-fifth fusion-column-last\" style=\"--awb-bg-size:cover;width:40%;width:calc(40% - ( ( 4% ) * 0.4 ) );\"><div class=\"fusion-column-wrapper fusion-column-has-shadow fusion-flex-column-wrapper-legacy\"><div class=\"fusion-clearfix\"><\/div><\/div><\/div><\/div><\/div><\/div><div class=\"fusion-fullwidth fullwidth-box fusion-builder-row-2 fusion-parallax-none nonhundred-percent-fullwidth hundred-percent-height hundred-percent-height-center-content non-hundred-percent-height-scrolling\" style=\"--awb-background-position:center top;--awb-border-radius-top-left:0px;--awb-border-radius-top-right:0px;--awb-border-radius-bottom-right:0px;--awb-border-radius-bottom-left:0px;--awb-background-image:url(&quot;https:\/\/www.rubiks.ca\/wp-content\/uploads\/2020\/08\/img-rush-service-2.jpg&quot;);--awb-background-size:cover;--awb-flex-wrap:wrap;\" ><div class=\"fusion-fullwidth-center-content\"><div class=\"fusion-builder-row fusion-row\"><div class=\"fusion-layout-column fusion_builder_column fusion-builder-column-2 fusion_builder_column_2_5 2_5 fusion-two-fifth fusion-column-first\" style=\"--awb-bg-size:cover;width:40%;width:calc(40% - ( ( 4% ) * 0.4 ) );margin-right: 4%;\"><div class=\"fusion-column-wrapper fusion-column-has-shadow fusion-flex-column-wrapper-legacy\"><div class=\"fusion-clearfix\"><\/div><\/div><\/div><div class=\"fusion-layout-column fusion_builder_column fusion-builder-column-3 fusion_builder_column_3_5 3_5 fusion-three-fifth fusion-column-last fusion-animated\" style=\"--awb-bg-size:cover;width:60%;width:calc(60% - ( ( 4% ) * 0.6 ) );\" data-animationType=\"fadeInLeft\" data-animationDuration=\"0.3\" data-animationOffset=\"top-into-view\"><div class=\"fusion-column-wrapper fusion-column-has-shadow fusion-flex-column-wrapper-legacy\"><div class=\"fusion-text fusion-text-3\"><h2 style=\"color: #220e03;\">Service Express<\/h2>\n<\/div><div class=\"fusion-text fusion-text-4\"><h3 style=\"color: #00a859;\">Nous comprenons que la nature de votre travail peut souvent \u00eatre derni\u00e8re minute.<\/h3>\n<p style=\"font-size: 18px;\">Nous luttons pour vous offrir les d\u00e9lais les plus rapides en ville pour la plupart de nos produits. Gr\u00e2ce \u00e0 notre syst\u00e8me de soumission instantan\u00e9e, on \u00e9vite les d\u00e9lais inutiles, et nos \u00e9quipements fiables nous permettent de produire vos commandes \u00e0 temps. Nous offrons aussi un service de livraison, pour vous sauver encore plus de temps.<\/p>\n<\/div><div class=\"fusion-sep-clear\"><\/div><div class=\"fusion-separator fusion-full-width-sep\" style=\"margin-left: auto;margin-right: auto;width:100%;\"><\/div><div class=\"fusion-sep-clear\"><\/div><div class=\"fusion-button-wrapper\"><a class=\"fusion-button button-flat fusion-button-default-size button-custom fusion-button-default button-2 fusion-button-default-span fusion-button-default-type\" style=\"--button_accent_color:#ffffff;--button_accent_hover_color:#ffffff;--button_border_hover_color:#ffffff;--button_gradient_top_color:#00a859;--button_gradient_bottom_color:#00a859;--button_gradient_top_color_hover:#00964d;--button_gradient_bottom_color_hover:#00964d;\" target=\"_self\" href=\"\/fr\/order\/\"><span class=\"fusion-button-text\">Soumission<\/span><\/a><\/div><div class=\"fusion-clearfix\"><\/div><\/div><\/div><\/div><\/div><\/div><div class=\"fusion-fullwidth fullwidth-box fusion-builder-row-3 fusion-parallax-fixed nonhundred-percent-fullwidth hundred-percent-height hundred-percent-height-center-content non-hundred-percent-height-scrolling\" style=\"--awb-background-blend-mode:overlay;--awb-border-radius-top-left:0px;--awb-border-radius-top-right:0px;--awb-border-radius-bottom-right:0px;--awb-border-radius-bottom-left:0px;--awb-background-color:rgba(0,0,0,0.4);--awb-background-image:url(&quot;https:\/\/www.rubiks.ca\/wp-content\/uploads\/2020\/08\/img-got-you-covered-1.jpg&quot;);--awb-background-size:cover;--awb-flex-wrap:wrap;background-attachment:fixed;\" ><div class=\"fusion-fullwidth-center-content\"><div class=\"fusion-builder-row fusion-row\"><div class=\"fusion-layout-column fusion_builder_column fusion-builder-column-4 fusion_builder_column_3_5 3_5 fusion-three-fifth fusion-column-first\" style=\"--awb-bg-size:cover;width:60%;width:calc(60% - ( ( 4% ) * 0.6 ) );margin-right: 4%;\"><div class=\"fusion-column-wrapper fusion-column-has-shadow fusion-flex-column-wrapper-legacy\"><div class=\"fusion-text fusion-text-5\"><h2 style=\"color: #ffffff;\">On s\u2019en occupe.<\/h2>\n<\/div><div class=\"fusion-text fusion-text-6\"><p style=\"color: #ffffff; font-size: 18px;\">Nous avons des centaines de produits dans notre catalogue, et si jamais vous avez d\u2019autre besoins, \u00e7a nous fera plaisir de coordonner le projet avec nos partenaires fiables. Cela vous permet d\u2019avoir un seul point de contact, une seule facture compl\u00e8te et un niveau de qualit\u00e9 uniforme.<\/p>\n<h3 style=\"color: #ffffff; font-weight: bold;\">C\u2019est l\u2019impression. Simplifi\u00e9e.<\/h3>\n<\/div><div class=\"fusion-button-wrapper\"><a class=\"fusion-button button-flat fusion-button-default-size button-custom fusion-button-default button-3 fusion-button-default-span fusion-button-default-type\" style=\"--button_accent_color:#ffffff;--button_accent_hover_color:#ffffff;--button_border_hover_color:#ffffff;--button_gradient_top_color:#00a859;--button_gradient_bottom_color:#00a859;--button_gradient_top_color_hover:#00964d;--button_gradient_bottom_color_hover:#00964d;\" target=\"_self\" href=\"https:\/\/www.rubiks.ca\/fr\/products\/\"><span class=\"fusion-button-text\">Parcourir nos produits<\/span><\/a><\/div><div class=\"fusion-clearfix\"><\/div><\/div><\/div><div class=\"fusion-layout-column fusion_builder_column fusion-builder-column-5 fusion_builder_column_2_5 2_5 fusion-two-fifth fusion-column-last\" style=\"--awb-bg-size:cover;width:40%;width:calc(40% - ( ( 4% ) * 0.4 ) );\"><div class=\"fusion-column-wrapper fusion-column-has-shadow fusion-flex-column-wrapper-legacy\"><div class=\"fusion-clearfix\"><\/div><\/div><\/div><\/div><\/div><\/div><div class=\"fusion-fullwidth fullwidth-box fusion-builder-row-4 hundred-percent-fullwidth non-hundred-percent-height-scrolling\" style=\"--awb-border-radius-top-left:0px;--awb-border-radius-top-right:0px;--awb-border-radius-bottom-right:0px;--awb-border-radius-bottom-left:0px;--awb-background-color:rgba(255,255,255,0);--awb-flex-wrap:wrap;\" ><div class=\"fusion-builder-row fusion-row\"><div class=\"fusion-layout-column fusion_builder_column fusion-builder-column-6 fusion_builder_column_1_1 1_1 fusion-one-full fusion-column-first fusion-column-last fusion-animated\" style=\"--awb-padding-top:20px;--awb-padding-right:20px;--awb-padding-bottom:20px;--awb-padding-left:20px;--awb-overflow:hidden;--awb-bg-size:cover;--awb-border-radius:2px 2px 2px 2px;--awb-margin-top:20px;--awb-margin-bottom:50px;\" data-animationType=\"fadeInUp\" data-animationDuration=\"0.8\" data-animationOffset=\"top-into-view\"><div class=\"fusion-column-wrapper fusion-column-has-shadow fusion-flex-column-wrapper-legacy\"><div class=\"fusion-text fusion-text-7\"><h2 style=\"text-align: center; color: #00a859; font-size: 30px;\">Do you need new ideas?<\/h2>\n<h3 style=\"text-align: center; color: #595959;\">Ask us what we can do for you.<\/h3>\n<\/div><div class=\"fusion-aligncenter\"><a class=\"fusion-button button-flat fusion-button-default-size button-custom fusion-button-default button-4 fusion-button-default-span fusion-button-default-type\" style=\"--button_accent_color:#ffffff;--button_accent_hover_color:#ffffff;--button_border_hover_color:#ffffff;--button_gradient_top_color:#00a859;--button_gradient_bottom_color:#00a859;--button_gradient_top_color_hover:#017f45;--button_gradient_bottom_color_hover:#017f45;\" target=\"_self\" href=\"https:\/\/www.rubiks.ca\/request-a-catalogue\/\"><span class=\"fusion-button-text\">REQUEST SAMPLES<\/span><i class=\"fa-arrow-right fas button-icon-right\" aria-hidden=\"true\"><\/i><\/a><\/div><div class=\"fusion-sep-clear\"><\/div><div class=\"fusion-separator fusion-full-width-sep\" style=\"margin-left: auto;margin-right: auto;margin-top:20px;width:100%;\"><\/div><div class=\"fusion-sep-clear\"><\/div><div class=\"fusion-clearfix\"><\/div><\/div><\/div><\/div><\/div>\n<\/p>\n","protected":false},"excerpt":{"rendered":"","protected":false},"author":1,"featured_media":0,"parent":0,"menu_order":0,"comment_status":"closed","ping_status":"closed","template":"100-width.php","meta":{"footnotes":""},"class_list":["post-1150","page","type-page","status-publish","hentry"],"yoast_head":"<!-- This site is optimized with the Yoast SEO plugin v24.2 - https:\/\/yoast.com\/wordpress\/plugins\/seo\/ -->\n<title>Services d\u2019impression \u00e0 Montr\u00e9al - Rubiks<\/title>\n<meta name=\"description\" content=\"Rubiks offre des services d\u2019impression, livraison et un service express.\" \/>\n<meta name=\"robots\" content=\"index, follow, max-snippet:-1, max-image-preview:large, max-video-preview:-1\" \/>\n<link rel=\"canonical\" href=\"https:\/\/rubiks.ca\/fr\/services\/\" \/>\n<meta property=\"og:locale\" content=\"fr_FR\" \/>\n<meta property=\"og:type\" content=\"article\" \/>\n<meta property=\"og:title\" content=\"Services d\u2019impression \u00e0 Montr\u00e9al - Rubiks\" \/>\n<meta property=\"og:description\" content=\"Rubiks offre des services d\u2019impression, livraison et un service express.\" \/>\n<meta property=\"og:url\" content=\"https:\/\/rubiks.ca\/fr\/services\/\" \/>\n<meta property=\"og:site_name\" content=\"Rubiks\" \/>\n<meta property=\"article:modified_time\" content=\"2021-05-12T15:36:50+00:00\" \/>\n<meta name=\"twitter:card\" content=\"summary_large_image\" \/>\n<meta name=\"twitter:label1\" content=\"Dur\u00e9e de lecture estim\u00e9e\" \/>\n\t<meta name=\"twitter:data1\" content=\"8 minutes\" \/>\n<script type=\"application\/ld+json\" class=\"yoast-schema-graph\">{\"@context\":\"https:\/\/schema.org\",\"@graph\":[{\"@type\":\"WebPage\",\"@id\":\"https:\/\/rubiks.ca\/fr\/services\/\",\"url\":\"https:\/\/rubiks.ca\/fr\/services\/\",\"name\":\"Services d\u2019impression \u00e0 Montr\u00e9al - Rubiks\",\"isPartOf\":{\"@id\":\"https:\/\/rubiks.ca\/#website\"},\"datePublished\":\"2019-01-14T16:18:08+00:00\",\"dateModified\":\"2021-05-12T15:36:50+00:00\",\"description\":\"Rubiks offre des services d\u2019impression, livraison et un service express.\",\"breadcrumb\":{\"@id\":\"https:\/\/rubiks.ca\/fr\/services\/#breadcrumb\"},\"inLanguage\":\"fr-FR\",\"potentialAction\":[{\"@type\":\"ReadAction\",\"target\":[\"https:\/\/rubiks.ca\/fr\/services\/\"]}]},{\"@type\":\"BreadcrumbList\",\"@id\":\"https:\/\/rubiks.ca\/fr\/services\/#breadcrumb\",\"itemListElement\":[{\"@type\":\"ListItem\",\"position\":1,\"name\":\"Home\",\"item\":\"https:\/\/rubiks.ca\/fr\/\"},{\"@type\":\"ListItem\",\"position\":2,\"name\":\"Services\"}]},{\"@type\":\"WebSite\",\"@id\":\"https:\/\/rubiks.ca\/#website\",\"url\":\"https:\/\/rubiks.ca\/\",\"name\":\"Rubiks\",\"description\":\"Montreal Printing\",\"potentialAction\":[{\"@type\":\"SearchAction\",\"target\":{\"@type\":\"EntryPoint\",\"urlTemplate\":\"https:\/\/rubiks.ca\/?s={search_term_string}\"},\"query-input\":{\"@type\":\"PropertyValueSpecification\",\"valueRequired\":true,\"valueName\":\"search_term_string\"}}],\"inLanguage\":\"fr-FR\"}]}<\/script>\n<!-- \/ Yoast SEO plugin. -->","yoast_head_json":{"title":"Services d\u2019impression \u00e0 Montr\u00e9al - Rubiks","description":"Rubiks offre des services d\u2019impression, livraison et un service express.","robots":{"index":"index","follow":"follow","max-snippet":"max-snippet:-1","max-image-preview":"max-image-preview:large","max-video-preview":"max-video-preview:-1"},"canonical":"https:\/\/rubiks.ca\/fr\/services\/","og_locale":"fr_FR","og_type":"article","og_title":"Services d\u2019impression \u00e0 Montr\u00e9al - Rubiks","og_description":"Rubiks offre des services d\u2019impression, livraison et un service express.","og_url":"https:\/\/rubiks.ca\/fr\/services\/","og_site_name":"Rubiks","article_modified_time":"2021-05-12T15:36:50+00:00","twitter_card":"summary_large_image","twitter_misc":{"Dur\u00e9e de lecture estim\u00e9e":"8 minutes"},"schema":{"@context":"https:\/\/schema.org","@graph":[{"@type":"WebPage","@id":"https:\/\/rubiks.ca\/fr\/services\/","url":"https:\/\/rubiks.ca\/fr\/services\/","name":"Services d\u2019impression \u00e0 Montr\u00e9al - Rubiks","isPartOf":{"@id":"https:\/\/rubiks.ca\/#website"},"datePublished":"2019-01-14T16:18:08+00:00","dateModified":"2021-05-12T15:36:50+00:00","description":"Rubiks offre des services d\u2019impression, livraison et un service express.","breadcrumb":{"@id":"https:\/\/rubiks.ca\/fr\/services\/#breadcrumb"},"inLanguage":"fr-FR","potentialAction":[{"@type":"ReadAction","target":["https:\/\/rubiks.ca\/fr\/services\/"]}]},{"@type":"BreadcrumbList","@id":"https:\/\/rubiks.ca\/fr\/services\/#breadcrumb","itemListElement":[{"@type":"ListItem","position":1,"name":"Home","item":"https:\/\/rubiks.ca\/fr\/"},{"@type":"ListItem","position":2,"name":"Services"}]},{"@type":"WebSite","@id":"https:\/\/rubiks.ca\/#website","url":"https:\/\/rubiks.ca\/","name":"Rubiks","description":"Montreal Printing","potentialAction":[{"@type":"SearchAction","target":{"@type":"EntryPoint","urlTemplate":"https:\/\/rubiks.ca\/?s={search_term_string}"},"query-input":{"@type":"PropertyValueSpecification","valueRequired":true,"valueName":"search_term_string"}}],"inLanguage":"fr-FR"}]}},"_links":{"self":[{"href":"https:\/\/rubiks.ca\/fr\/wp-json\/wp\/v2\/pages\/1150","targetHints":{"allow":["GET"]}}],"collection":[{"href":"https:\/\/rubiks.ca\/fr\/wp-json\/wp\/v2\/pages"}],"about":[{"href":"https:\/\/rubiks.ca\/fr\/wp-json\/wp\/v2\/types\/page"}],"author":[{"embeddable":true,"href":"https:\/\/rubiks.ca\/fr\/wp-json\/wp\/v2\/users\/1"}],"replies":[{"embeddable":true,"href":"https:\/\/rubiks.ca\/fr\/wp-json\/wp\/v2\/comments?post=1150"}],"version-history":[{"count":18,"href":"https:\/\/rubiks.ca\/fr\/wp-json\/wp\/v2\/pages\/1150\/revisions"}],"predecessor-version":[{"id":3204,"href":"https:\/\/rubiks.ca\/fr\/wp-json\/wp\/v2\/pages\/1150\/revisions\/3204"}],"wp:attachment":[{"href":"https:\/\/rubiks.ca\/fr\/wp-json\/wp\/v2\/media?parent=1150"}],"curies":[{"name":"wp","href":"https:\/\/api.w.org\/{rel}","templated":true}]}}